{"id":1338,"date":"2025-10-06T08:51:19","date_gmt":"2025-10-06T08:51:19","guid":{"rendered":"https:\/\/covidgeneration.ch\/?page_id=1338"},"modified":"2025-10-06T08:52:25","modified_gmt":"2025-10-06T08:52:25","slug":"autres-contributions","status":"publish","type":"page","link":"https:\/\/covidgeneration.ch\/index.php\/autres-contributions\/?lang=fr","title":{"rendered":"Autres contributions"},"content":{"rendered":"<div class=\"lightweight-accordion has-text-color has-background\"><details><summary class=\"lightweight-accordion-title\" style=\"color:#8ed1fc;background:#ffffff;\"><span><strong>Contributions dans <em>De Facto<\/em><\/strong><\/span><\/summary><div class=\"lightweight-accordion-body\" style=\"border-color:#ffffff;\">\n\n<p>N\u00faria S\u00e1nchez-Mira a abord\u00e9 la question suivante pour la plateforme DeFacto : \u00ab Comment les chercheuses et les chercheurs du PNR 80 \u00ab Covid-19 et soci\u00e9t\u00e9 \u00bb peuvent-ils s\u2019assurer que les personnes interrog\u00e9es leur fournissent des informations aussi correctes et exactes que possibles sur la p\u00e9riode de la pand\u00e9mie ? \u00bb Consultez sa contribution: <a href=\"https:\/\/www.defacto.expert\/2024\/12\/18\/recherchee-de-toute-urgence-la-memoire\/?lang=fr\">\u00ab Recherche urgente \u2013 M\u00e9moire \u00bb<\/a><\/p>\n\n\n\n<p>Dawid Gondek et Marieke Voorpostel ont partag\u00e9 leur expertise sur la plateforme DeFacto. Voir leur contribution : <a href=\"https:\/\/www.defacto.expert\/2024\/07\/26\/la-crise-du-bien-etre-des-jeunes-est-elle-due-a-la-pandemie-de-covid-19\/?lang=fr\">&#8220;La crise du bien-\u00eatre des jeunes est-elle due \u00e0 la pand\u00e9mie de COVID-19?&#8221;<\/a><\/p>\n\n<\/div><\/details><\/div>\n\n<div class=\"lightweight-accordion has-text-color has-background\"><details><summary class=\"lightweight-accordion-title\" style=\"color:#8ed1fc;background:#ffffff;\"><span><strong>\u00c9mission Radio <\/strong><\/span><\/summary><div class=\"lightweight-accordion-body\" style=\"border-color:#ffffff;\">\n\n<p>Marieke Voorpostel a particip\u00e9 \u00e0 une \u00e9mission de radio. \u00c9coutez son intervention: <a href=\"https:\/\/www.rts.ch\/audio-podcast\/2024\/audio\/les-echos-de-vacarme-jeunesse-l-ultra-moderne-solitude-28629957.html\">\u00ab Les \u00c9chos de Vacarme &#8211; Jeunesse, l\u02b9ultra moderne solitude \u00bb <em>(Youth, the ultra-modern solitude)<\/em><\/a><\/p>\n\n<\/div><\/details><\/div>","protected":false},"excerpt":{"rendered":"","protected":false},"author":11,"featured_media":0,"parent":0,"menu_order":0,"comment_status":"closed","ping_status":"closed","template":"","meta":{"slim_seo":{"title":"Autres contributions - CovidGeneration","description":""},"footnotes":""},"class_list":["post-1338","page","type-page","status-publish","hentry"],"_links":{"self":[{"href":"https:\/\/covidgeneration.ch\/index.php\/wp-json\/wp\/v2\/pages\/1338","targetHints":{"allow":["GET"]}}],"collection":[{"href":"https:\/\/covidgeneration.ch\/index.php\/wp-json\/wp\/v2\/pages"}],"about":[{"href":"https:\/\/covidgeneration.ch\/index.php\/wp-json\/wp\/v2\/types\/page"}],"author":[{"embeddable":true,"href":"https:\/\/covidgeneration.ch\/index.php\/wp-json\/wp\/v2\/users\/11"}],"replies":[{"embeddable":true,"href":"https:\/\/covidgeneration.ch\/index.php\/wp-json\/wp\/v2\/comments?post=1338"}],"version-history":[{"count":2,"href":"https:\/\/covidgeneration.ch\/index.php\/wp-json\/wp\/v2\/pages\/1338\/revisions"}],"predecessor-version":[{"id":1342,"href":"https:\/\/covidgeneration.ch\/index.php\/wp-json\/wp\/v2\/pages\/1338\/revisions\/1342"}],"wp:attachment":[{"href":"https:\/\/covidgeneration.ch\/index.php\/wp-json\/wp\/v2\/media?parent=1338"}],"curies":[{"name":"wp","href":"https:\/\/api.w.org\/{rel}","templated":true}]}}