{"id":1348,"date":"2025-10-06T08:56:39","date_gmt":"2025-10-06T08:56:39","guid":{"rendered":"https:\/\/covidgeneration.ch\/?page_id=1348"},"modified":"2025-10-06T08:56:39","modified_gmt":"2025-10-06T08:56:39","slug":"andere-ausgaben","status":"publish","type":"page","link":"https:\/\/covidgeneration.ch\/index.php\/andere-ausgaben\/?lang=de","title":{"rendered":"Andere Ausgaben"},"content":{"rendered":"<div class=\"lightweight-accordion has-text-color has-background\"><details><summary class=\"lightweight-accordion-title\" style=\"color:#8ed1fc;background:#ffffff;\"><span><strong>Beitr\u00e4ge in <em>De Facto<\/em><\/strong><\/span><\/summary><div class=\"lightweight-accordion-body\" style=\"border-color:#ffffff;\">\n\n<p>N\u00faria S\u00e0nchez-Mira hat f\u00fcr die Zeitschrift De Facto die Frage &#8220;Wie stellen Forschende im NFP 80 \u00abCovid-19 in der Gesellschaft\u00bb sicher, dass Befragte ihnen m\u00f6glichst korrekte und unverf\u00e4lschte Ausk\u00fcnfte zur Pandemiezeit erteilen?&#8221; diskutiert. <span style=\"text-decoration: underline;\">Siehe ihren Beitrag:<\/span> <a href=\"https:\/\/www.defacto.expert\/2024\/12\/18\/dringend-gesucht-erinnerung\/\">&#8220;Dringend gesucht: Erinnerung&#8221;<\/a><\/p>\n\n\n\n<p>Dawid Gondek und Marieke Voorpostel stellten ihr Fachwissen auf der DeFacto-Plattform zur Verf\u00fcgung. Ihren Beitrag (auf Englisch) ansehen: &nbsp;&#8220;<a href=\"https:\/\/www.defacto.expert\/2024\/07\/26\/the-crisis-in-youth-wellbeing-is-it-due-to-the-covid-19-pandemic\/?lang=en\">The decline in youth well-being: Is it due to the Covid-19 pandemic?&#8221; &nbsp;<\/a><\/p>\n\n<\/div><\/details><\/div>\n\n<div class=\"lightweight-accordion has-text-color has-background\"><details><summary class=\"lightweight-accordion-title\" style=\"color:#8ed1fc;background:#ffffff;\"><span><strong>Radio Show<\/strong><\/span><\/summary><div class=\"lightweight-accordion-body\" style=\"border-color:#ffffff;\">\n\n<p>Marieke Voorpostel nahm an einer Radiosendung teil. Seinen Beitrag anh\u00f6ren (auf Franz\u00f6sisch) : <a href=\"https:\/\/www.rts.ch\/audio-podcast\/2024\/audio\/les-echos-de-vacarme-jeunesse-l-ultra-moderne-solitude-28629957.html\">\u00ab Les \u00c9chos de Vacarme &#8211; Jeunesse, l\u02b9ultra moderne solitude \u00bb <em>(Jugend, die hochmoderne Einsamkeit)<\/em><\/a><\/p>\n\n<\/div><\/details><\/div>","protected":false},"excerpt":{"rendered":"","protected":false},"author":11,"featured_media":0,"parent":0,"menu_order":0,"comment_status":"closed","ping_status":"closed","template":"","meta":{"slim_seo":{"title":"Andere Ausgaben - CovidGeneration","description":""},"footnotes":""},"class_list":["post-1348","page","type-page","status-publish","hentry"],"_links":{"self":[{"href":"https:\/\/covidgeneration.ch\/index.php\/wp-json\/wp\/v2\/pages\/1348","targetHints":{"allow":["GET"]}}],"collection":[{"href":"https:\/\/covidgeneration.ch\/index.php\/wp-json\/wp\/v2\/pages"}],"about":[{"href":"https:\/\/covidgeneration.ch\/index.php\/wp-json\/wp\/v2\/types\/page"}],"author":[{"embeddable":true,"href":"https:\/\/covidgeneration.ch\/index.php\/wp-json\/wp\/v2\/users\/11"}],"replies":[{"embeddable":true,"href":"https:\/\/covidgeneration.ch\/index.php\/wp-json\/wp\/v2\/comments?post=1348"}],"version-history":[{"count":1,"href":"https:\/\/covidgeneration.ch\/index.php\/wp-json\/wp\/v2\/pages\/1348\/revisions"}],"predecessor-version":[{"id":1350,"href":"https:\/\/covidgeneration.ch\/index.php\/wp-json\/wp\/v2\/pages\/1348\/revisions\/1350"}],"wp:attachment":[{"href":"https:\/\/covidgeneration.ch\/index.php\/wp-json\/wp\/v2\/media?parent=1348"}],"curies":[{"name":"wp","href":"https:\/\/api.w.org\/{rel}","templated":true}]}}