{"id":293,"date":"2023-03-30T07:58:40","date_gmt":"2023-03-30T07:58:40","guid":{"rendered":"https:\/\/covidgeneration.ch\/?page_id=293"},"modified":"2023-04-28T12:27:54","modified_gmt":"2023-04-28T12:27:54","slug":"politische-datenbank-wp2","status":"publish","type":"page","link":"https:\/\/covidgeneration.ch\/index.php\/politische-datenbank-wp2\/?lang=de","title":{"rendered":"Politische Datenbank (WP2)"},"content":{"rendered":"<p>Das Hauptziel von WP2 ist es, einen \u00dcberblick \u00fcber die Vielfalt der politischen Initiativen zu geben, die darauf ausgerichtet sind, das Wohlergehen junger Menschen im Verlauf der COVID-19-Pandemie zu unterst\u00fctzen. Wir werden politische Ma\u00dfnahmen und Programme zusammenfassen und Schlussfolgerungen dar\u00fcber ziehen, ob sie die am st\u00e4rksten gef\u00e4hrdeten Gruppen erreicht haben und welche Lehren f\u00fcr die Jugendpolitik in naher Zukunft und im Kontext einer k\u00fcnftigen Krise gezogen werden k\u00f6nnen.<\/p>\n<p>Zu diesem Zweck wird eine Bestandsaufnahme der politischen Massnahmen und Programme f\u00fcr junge Menschen in einer Auswahl von Kantonen erstellt, die einen detaillierten \u00dcberblick dar\u00fcber gibt, wie diese politischen Massnahmen entwickelt und umgesetzt wurden und mit welchem Erfolg. Erg\u00e4nzend zur Dokumentenanalyse werden wir 25-30 Experteninterviews f\u00fchren, um die St\u00e4rken und Schw\u00e4chen der ausgew\u00e4hlten Programme sowie die Herausforderungen und Lektionen, die w\u00e4hrend ihrer Entwicklung und Umsetzung gelernt wurden, zu ermitteln. Unsere Ergebnisse werden in Empfehlungen f\u00fcr politische Ma\u00dfnahmen zur F\u00f6rderung des Wohlbefindens junger Menschen in den n\u00e4chsten Jahren und vor dem Hintergrund m\u00f6glicher k\u00fcnftiger Krisen umgesetzt.<\/p>\n<p>Wenn Sie uns \u00fcber eine politische Ma\u00dfnahme oder ein Programm informieren m\u00f6chten, das sich auf das Wohlbefinden junger Menschen w\u00e4hrend der Pandemie konzentriert, <a href=\"https:\/\/covidgeneration.ch\/index.php\/kontakt\/?lang=de\">kontaktieren<\/a> Sie uns!<\/p>\n<p>&nbsp;<\/p>\n<p>&nbsp;<\/p>\n<p>&nbsp;<\/p>\n","protected":false},"excerpt":{"rendered":"<p>Das Hauptziel von WP2 ist es, einen \u00dcberblick \u00fcber die Vielfalt der politischen Initiativen zu geben, die darauf ausgerichtet sind, das Wohlergehen junger Menschen im Verlauf der COVID-19-Pandemie zu unterst\u00fctzen. Wir werden politische Ma\u00dfnahmen und Programme zusammenfassen und Schlussfolgerungen dar\u00fcber<\/p>\n","protected":false},"author":3,"featured_media":0,"parent":0,"menu_order":0,"comment_status":"closed","ping_status":"closed","template":"","meta":{"slim_seo":{"title":"Politische Datenbank (WP2) - CovidGeneration","description":"Das Hauptziel von WP2 ist es, einen \u00dcberblick \u00fcber die Vielfalt der politischen Initiativen zu geben, die darauf ausgerichtet sind, das Wohlergehen junger Mensc"},"footnotes":""},"class_list":["post-293","page","type-page","status-publish","hentry"],"_links":{"self":[{"href":"https:\/\/covidgeneration.ch\/index.php\/wp-json\/wp\/v2\/pages\/293","targetHints":{"allow":["GET"]}}],"collection":[{"href":"https:\/\/covidgeneration.ch\/index.php\/wp-json\/wp\/v2\/pages"}],"about":[{"href":"https:\/\/covidgeneration.ch\/index.php\/wp-json\/wp\/v2\/types\/page"}],"author":[{"embeddable":true,"href":"https:\/\/covidgeneration.ch\/index.php\/wp-json\/wp\/v2\/users\/3"}],"replies":[{"embeddable":true,"href":"https:\/\/covidgeneration.ch\/index.php\/wp-json\/wp\/v2\/comments?post=293"}],"version-history":[{"count":3,"href":"https:\/\/covidgeneration.ch\/index.php\/wp-json\/wp\/v2\/pages\/293\/revisions"}],"predecessor-version":[{"id":344,"href":"https:\/\/covidgeneration.ch\/index.php\/wp-json\/wp\/v2\/pages\/293\/revisions\/344"}],"wp:attachment":[{"href":"https:\/\/covidgeneration.ch\/index.php\/wp-json\/wp\/v2\/media?parent=293"}],"curies":[{"name":"wp","href":"https:\/\/api.w.org\/{rel}","templated":true}]}}