{"id":297,"date":"2023-04-27T15:04:28","date_gmt":"2023-04-27T15:04:28","guid":{"rendered":"https:\/\/covidgeneration.ch\/?page_id=297"},"modified":"2025-10-06T08:54:06","modified_gmt":"2025-10-06T08:54:06","slug":"ergebnisse","status":"publish","type":"page","link":"https:\/\/covidgeneration.ch\/index.php\/ergebnisse\/?lang=de","title":{"rendered":"Ergebnisse"},"content":{"rendered":"<div class=\"lightweight-accordion has-text-color has-background\"><details><summary class=\"lightweight-accordion-title\" style=\"color:#8ed1fc;background:#ffffff;\"><span>Andere Ausgaben<\/span><\/summary><div class=\"lightweight-accordion-body\" style=\"border-color:#ffffff;\">\n\n<p class=\"has-pale-ocean-gradient-background has-background\"><strong>Contributions in <em>De Facto <\/em><\/strong><\/p>\n\n\n\n<p>N\u00faria S\u00e0nchez-Mira hat f\u00fcr die Zeitschrift De Facto die Frage &#8220;Wie stellen Forschende im NFP 80 \u00abCovid-19 in der Gesellschaft\u00bb sicher, dass Befragte ihnen m\u00f6glichst korrekte und unverf\u00e4lschte Ausk\u00fcnfte zur Pandemiezeit erteilen?&#8221; diskutiert. <span style=\"text-decoration: underline;\">Siehe ihren Beitrag:<\/span> <a href=\"https:\/\/www.defacto.expert\/2024\/12\/18\/dringend-gesucht-erinnerung\/\">&#8220;Dringend gesucht: Erinnerung&#8221;<\/a><\/p>\n\n\n\n<p>Dawid Gondek und Marieke Voorpostel stellten ihr Fachwissen auf der DeFacto-Plattform zur Verf\u00fcgung. Ihren Beitrag (auf Englisch) ansehen: &nbsp;&#8220;<a href=\"https:\/\/www.defacto.expert\/2024\/07\/26\/the-crisis-in-youth-wellbeing-is-it-due-to-the-covid-19-pandemic\/?lang=en\">The decline in youth well-being: Is it due to the Covid-19 pandemic?&#8221; &nbsp;<\/a><\/p>\n\n\n\n<p><\/p>\n\n\n\n<p><\/p>\n\n\n\n<p class=\"has-pale-ocean-gradient-background has-background\"><strong>Radio Show <\/strong><\/p>\n\n\n\n<p>Marieke Voorpostel nahm an einer Radiosendung teil. Seinen Beitrag anh\u00f6ren (auf Franz\u00f6sisch) : <a href=\"https:\/\/www.rts.ch\/audio-podcast\/2024\/audio\/les-echos-de-vacarme-jeunesse-l-ultra-moderne-solitude-28629957.html\">\u00ab Les \u00c9chos de Vacarme &#8211; Jeunesse, l\u02b9ultra moderne solitude \u00bb <em>(Jugend, die hochmoderne Einsamkeit)<\/em><\/a><\/p>\n\n<\/div><\/details><\/div>","protected":false},"excerpt":{"rendered":"","protected":false},"author":3,"featured_media":0,"parent":0,"menu_order":0,"comment_status":"closed","ping_status":"closed","template":"","meta":{"slim_seo":{"title":"Ergebnisse - CovidGeneration","description":""},"footnotes":""},"class_list":["post-297","page","type-page","status-publish","hentry"],"_links":{"self":[{"href":"https:\/\/covidgeneration.ch\/index.php\/wp-json\/wp\/v2\/pages\/297","targetHints":{"allow":["GET"]}}],"collection":[{"href":"https:\/\/covidgeneration.ch\/index.php\/wp-json\/wp\/v2\/pages"}],"about":[{"href":"https:\/\/covidgeneration.ch\/index.php\/wp-json\/wp\/v2\/types\/page"}],"author":[{"embeddable":true,"href":"https:\/\/covidgeneration.ch\/index.php\/wp-json\/wp\/v2\/users\/3"}],"replies":[{"embeddable":true,"href":"https:\/\/covidgeneration.ch\/index.php\/wp-json\/wp\/v2\/comments?post=297"}],"version-history":[{"count":13,"href":"https:\/\/covidgeneration.ch\/index.php\/wp-json\/wp\/v2\/pages\/297\/revisions"}],"predecessor-version":[{"id":1346,"href":"https:\/\/covidgeneration.ch\/index.php\/wp-json\/wp\/v2\/pages\/297\/revisions\/1346"}],"wp:attachment":[{"href":"https:\/\/covidgeneration.ch\/index.php\/wp-json\/wp\/v2\/media?parent=297"}],"curies":[{"name":"wp","href":"https:\/\/api.w.org\/{rel}","templated":true}]}}