{"id":301,"date":"2023-03-07T12:46:16","date_gmt":"2023-03-07T12:46:16","guid":{"rendered":"https:\/\/covidgeneration.ch\/?page_id=301"},"modified":"2023-09-22T07:40:24","modified_gmt":"2023-09-22T07:40:24","slug":"lequipe","status":"publish","type":"page","link":"https:\/\/covidgeneration.ch\/index.php\/lequipe\/?lang=fr","title":{"rendered":"L&#8217;\u00e9quipe"},"content":{"rendered":"<p>L&#8217;\u00e9quipe de recherche G\u00e9n\u00e9ration Covid<\/p>\n<p>&nbsp;<\/p>\n<table class=\"covidgen_team\">\n<tbody>\n<tr>\n<td><img loading=\"lazy\" decoding=\"async\" class=\"wp-image-551 alignleft\" src=\"https:\/\/covidgeneration.ch\/wp-content\/uploads\/2023\/06\/Dawid-Portrait-300x300.png\" alt=\"Dawid Portrait\" width=\"152\" height=\"152\" srcset=\"https:\/\/covidgeneration.ch\/wp-content\/uploads\/2023\/06\/Dawid-Portrait-300x300.png 300w, https:\/\/covidgeneration.ch\/wp-content\/uploads\/2023\/06\/Dawid-Portrait-1024x1024.png 1024w, https:\/\/covidgeneration.ch\/wp-content\/uploads\/2023\/06\/Dawid-Portrait-150x150.png 150w, https:\/\/covidgeneration.ch\/wp-content\/uploads\/2023\/06\/Dawid-Portrait-768x768.png 768w, https:\/\/covidgeneration.ch\/wp-content\/uploads\/2023\/06\/Dawid-Portrait-1536x1536.png 1536w, https:\/\/covidgeneration.ch\/wp-content\/uploads\/2023\/06\/Dawid-Portrait-2048x2048.png 2048w, https:\/\/covidgeneration.ch\/wp-content\/uploads\/2023\/06\/Dawid-Portrait-230x230.png 230w, https:\/\/covidgeneration.ch\/wp-content\/uploads\/2023\/06\/Dawid-Portrait-330x330.png 330w\" sizes=\"auto, (max-width: 152px) 100vw, 152px\" \/><a href=\"https:\/\/www.researchgate.net\/profile\/Dawid-Gondek\">Dr. Dawid Gondek<\/a><\/p>\n<p>FORS<\/td>\n<td><img loading=\"lazy\" decoding=\"async\" class=\"alignleft wp-image-531\" src=\"https:\/\/covidgeneration.ch\/wp-content\/uploads\/2023\/06\/Teuta-Portrait-300x300.jpg\" alt=\"Teuta Portrait\" width=\"152\" height=\"152\" srcset=\"https:\/\/covidgeneration.ch\/wp-content\/uploads\/2023\/06\/Teuta-Portrait-300x300.jpg 300w, https:\/\/covidgeneration.ch\/wp-content\/uploads\/2023\/06\/Teuta-Portrait-1024x1024.jpg 1024w, https:\/\/covidgeneration.ch\/wp-content\/uploads\/2023\/06\/Teuta-Portrait-150x150.jpg 150w, https:\/\/covidgeneration.ch\/wp-content\/uploads\/2023\/06\/Teuta-Portrait-768x768.jpg 768w, https:\/\/covidgeneration.ch\/wp-content\/uploads\/2023\/06\/Teuta-Portrait-1536x1536.jpg 1536w, https:\/\/covidgeneration.ch\/wp-content\/uploads\/2023\/06\/Teuta-Portrait-2048x2048.jpg 2048w, https:\/\/covidgeneration.ch\/wp-content\/uploads\/2023\/06\/Teuta-Portrait-230x230.jpg 230w, https:\/\/covidgeneration.ch\/wp-content\/uploads\/2023\/06\/Teuta-Portrait-330x330.jpg 330w\" sizes=\"auto, (max-width: 152px) 100vw, 152px\" \/><a href=\"https:\/\/libra.unine.ch\/entities\/person\/954e4f8d-72e5-494e-b574-4fd5670f4ff8\/details\">Ms. Teuta Mehmeti<\/a><\/p>\n<p>University of Neuchatel<\/td>\n<\/tr>\n<tr>\n<td><img loading=\"lazy\" decoding=\"async\" class=\"alignleft wp-image-528\" src=\"https:\/\/covidgeneration.ch\/wp-content\/uploads\/2023\/06\/Marieke-Portrait-1-300x300.jpg\" alt=\"Marieke Portrait\" width=\"152\" height=\"152\" srcset=\"https:\/\/covidgeneration.ch\/wp-content\/uploads\/2023\/06\/Marieke-Portrait-1-300x300.jpg 300w, https:\/\/covidgeneration.ch\/wp-content\/uploads\/2023\/06\/Marieke-Portrait-1-1024x1024.jpg 1024w, https:\/\/covidgeneration.ch\/wp-content\/uploads\/2023\/06\/Marieke-Portrait-1-150x150.jpg 150w, https:\/\/covidgeneration.ch\/wp-content\/uploads\/2023\/06\/Marieke-Portrait-1-768x768.jpg 768w, https:\/\/covidgeneration.ch\/wp-content\/uploads\/2023\/06\/Marieke-Portrait-1-1536x1536.jpg 1536w, https:\/\/covidgeneration.ch\/wp-content\/uploads\/2023\/06\/Marieke-Portrait-1-2048x2048.jpg 2048w, https:\/\/covidgeneration.ch\/wp-content\/uploads\/2023\/06\/Marieke-Portrait-1-230x230.jpg 230w, https:\/\/covidgeneration.ch\/wp-content\/uploads\/2023\/06\/Marieke-Portrait-1-330x330.jpg 330w\" sizes=\"auto, (max-width: 152px) 100vw, 152px\" \/><a href=\"https:\/\/forscenter.ch\/staff\/marieke-voorpostel\/\">Dr. Marieke Voorpostel<\/a><\/p>\n<p>FORS<\/td>\n<td><img loading=\"lazy\" decoding=\"async\" class=\"alignleft wp-image-537\" src=\"https:\/\/covidgeneration.ch\/wp-content\/uploads\/2023\/06\/nuriasanchezmira-300x300.png\" alt=\"nuri\u00e1sanchezmira\" width=\"152\" height=\"152\" srcset=\"https:\/\/covidgeneration.ch\/wp-content\/uploads\/2023\/06\/nuriasanchezmira-300x300.png 300w, https:\/\/covidgeneration.ch\/wp-content\/uploads\/2023\/06\/nuriasanchezmira-150x150.png 150w, https:\/\/covidgeneration.ch\/wp-content\/uploads\/2023\/06\/nuriasanchezmira-768x769.png 768w, https:\/\/covidgeneration.ch\/wp-content\/uploads\/2023\/06\/nuriasanchezmira-230x230.png 230w, https:\/\/covidgeneration.ch\/wp-content\/uploads\/2023\/06\/nuriasanchezmira-330x330.png 330w, https:\/\/covidgeneration.ch\/wp-content\/uploads\/2023\/06\/nuriasanchezmira.png 905w\" sizes=\"auto, (max-width: 152px) 100vw, 152px\" \/><a href=\"https:\/\/www.unine.ch\/socio\/home\/collaborateurs\/nuria-sanchez.html\">Prof. N\u00faria S\u00e1nchez Mira<\/a><\/p>\n<p>University of Neuchatel<\/td>\n<\/tr>\n<tr>\n<td><img loading=\"lazy\" decoding=\"async\" class=\"alignleft wp-image-525\" src=\"https:\/\/covidgeneration.ch\/wp-content\/uploads\/2023\/06\/Stephanie-Portrait-300x300.jpg\" alt=\"Stephanie Portrait\" width=\"152\" height=\"152\" srcset=\"https:\/\/covidgeneration.ch\/wp-content\/uploads\/2023\/06\/Stephanie-Portrait-300x300.jpg 300w, https:\/\/covidgeneration.ch\/wp-content\/uploads\/2023\/06\/Stephanie-Portrait-1024x1024.jpg 1024w, https:\/\/covidgeneration.ch\/wp-content\/uploads\/2023\/06\/Stephanie-Portrait-150x150.jpg 150w, https:\/\/covidgeneration.ch\/wp-content\/uploads\/2023\/06\/Stephanie-Portrait-768x768.jpg 768w, https:\/\/covidgeneration.ch\/wp-content\/uploads\/2023\/06\/Stephanie-Portrait-1536x1536.jpg 1536w, https:\/\/covidgeneration.ch\/wp-content\/uploads\/2023\/06\/Stephanie-Portrait-2048x2048.jpg 2048w, https:\/\/covidgeneration.ch\/wp-content\/uploads\/2023\/06\/Stephanie-Portrait-230x230.jpg 230w, https:\/\/covidgeneration.ch\/wp-content\/uploads\/2023\/06\/Stephanie-Portrait-330x330.jpg 330w\" sizes=\"auto, (max-width: 152px) 100vw, 152px\" \/><a href=\"https:\/\/applicationspub.unil.ch\/interpub\/noauth\/php\/Un\/UnPers.php?PerNum=1211117&amp;LanCode=37\">Prof. Stephanie Steinmetz <\/a><\/p>\n<p>University of Lausanne<\/td>\n<td><img loading=\"lazy\" decoding=\"async\" class=\"wp-image-540 alignleft\" src=\"https:\/\/covidgeneration.ch\/wp-content\/uploads\/2023\/06\/Leen-Portrait-1-300x300.jpg\" alt=\"Leen Portrait\" width=\"152\" height=\"152\" srcset=\"https:\/\/covidgeneration.ch\/wp-content\/uploads\/2023\/06\/Leen-Portrait-1-300x300.jpg 300w, https:\/\/covidgeneration.ch\/wp-content\/uploads\/2023\/06\/Leen-Portrait-1-1024x1024.jpg 1024w, https:\/\/covidgeneration.ch\/wp-content\/uploads\/2023\/06\/Leen-Portrait-1-150x150.jpg 150w, https:\/\/covidgeneration.ch\/wp-content\/uploads\/2023\/06\/Leen-Portrait-1-768x768.jpg 768w, https:\/\/covidgeneration.ch\/wp-content\/uploads\/2023\/06\/Leen-Portrait-1-1536x1536.jpg 1536w, https:\/\/covidgeneration.ch\/wp-content\/uploads\/2023\/06\/Leen-Portrait-1-2048x2048.jpg 2048w, https:\/\/covidgeneration.ch\/wp-content\/uploads\/2023\/06\/Leen-Portrait-1-230x230.jpg 230w, https:\/\/covidgeneration.ch\/wp-content\/uploads\/2023\/06\/Leen-Portrait-1-330x330.jpg 330w\" sizes=\"auto, (max-width: 152px) 100vw, 152px\" \/><a href=\"https:\/\/people.unil.ch\/leenvandecasteele\/\">Prof. Leen Vandecasteele <\/a><\/p>\n<p>University of Lausanne<\/td>\n<\/tr>\n<\/tbody>\n<\/table>\n","protected":false},"excerpt":{"rendered":"<p>&#8211;<\/p>\n","protected":false},"author":3,"featured_media":0,"parent":0,"menu_order":1,"comment_status":"closed","ping_status":"closed","template":"","meta":{"slim_seo":{"title":"L'\u00e9quipe - CovidGeneration","description":"-"},"footnotes":""},"class_list":["post-301","page","type-page","status-publish","hentry"],"_links":{"self":[{"href":"https:\/\/covidgeneration.ch\/index.php\/wp-json\/wp\/v2\/pages\/301","targetHints":{"allow":["GET"]}}],"collection":[{"href":"https:\/\/covidgeneration.ch\/index.php\/wp-json\/wp\/v2\/pages"}],"about":[{"href":"https:\/\/covidgeneration.ch\/index.php\/wp-json\/wp\/v2\/types\/page"}],"author":[{"embeddable":true,"href":"https:\/\/covidgeneration.ch\/index.php\/wp-json\/wp\/v2\/users\/3"}],"replies":[{"embeddable":true,"href":"https:\/\/covidgeneration.ch\/index.php\/wp-json\/wp\/v2\/comments?post=301"}],"version-history":[{"count":14,"href":"https:\/\/covidgeneration.ch\/index.php\/wp-json\/wp\/v2\/pages\/301\/revisions"}],"predecessor-version":[{"id":553,"href":"https:\/\/covidgeneration.ch\/index.php\/wp-json\/wp\/v2\/pages\/301\/revisions\/553"}],"wp:attachment":[{"href":"https:\/\/covidgeneration.ch\/index.php\/wp-json\/wp\/v2\/media?parent=301"}],"curies":[{"name":"wp","href":"https:\/\/api.w.org\/{rel}","templated":true}]}}