{"id":313,"date":"2023-03-07T12:52:03","date_gmt":"2023-03-07T12:52:03","guid":{"rendered":"https:\/\/covidgeneration.ch\/?page_id=313"},"modified":"2025-11-12T23:06:45","modified_gmt":"2025-11-12T23:06:45","slug":"partner","status":"publish","type":"page","link":"https:\/\/covidgeneration.ch\/index.php\/partner\/?lang=de","title":{"rendered":"Partner"},"content":{"rendered":"<p><strong>Partner des Projekts<\/strong><\/p>\n<p>Pro Juventute &#8211; Frau Lulzana Musliu-Shahin (Leiterin Politik und Medien)<\/p>\n<p>Pro Familia &#8211; Frau Eva-Maria <span class=\"outlook-search-highlight\" data-markjs=\"true\">Kaufmann<\/span> \u00a0 (Direktorin)<\/p>\n<p><strong>Politischer Beirat<\/strong><\/p>\n<p>Bundesamt f\u00fcr Gesundheit (BAG) &#8211; Kinder- und Jugendgesundheit &#8211; Herr Damiano Costantini<\/p>\n<p>Bundesamt f\u00fcr Sozialversicherungen (BSV) &#8211; Familien, Generationen und Gesellschaft- Frau Manuela Krasniqi<\/p>\n<p>Eidgen\u00f6ssische Kommission f\u00fcr Kinder- und Jugendfragen (EKKJ) &#8211; Frau Valentina Darbellay<\/p>\n<p>Konferenz der kantonalen Sozialdirektorinnen und Sozialdirektoren (SODK) &#8211; Frau Joanna B\u00e4rtschi<\/p>\n<p>Gesuntheidsf\u00f6rderung Schweiz &#8211; Frau Anja Nowacki<\/p>\n<p><strong>Ehemalige PAB-Mitglieder<\/strong><\/p>\n<p>Bundesamt f\u00fcr Gesundheit (BAG) &#8211; Gesundheitsf\u00f6rderung und Pr\u00e4vention\u00a0&#8211; Frau France Genin<\/p>\n<p>Pro Juventute &#8211; Herr Marco Mettler (Vize-Direktor, Leiter Programme)<\/p>\n<p>Pro Familia &#8211; Herr Philippe Gnaegi (Direktor)<\/p>\n","protected":false},"excerpt":{"rendered":"<p>Partner des Projekts Pro Juventute &#8211; Frau Lulzana Musliu-Shahin (Leiterin Politik und Medien) Pro Familia &#8211; Frau Eva-Maria Kaufmann \u00a0 (Direktorin) Politischer Beirat Bundesamt f\u00fcr Gesundheit (BAG) &#8211; Kinder- und Jugendgesundheit &#8211; Herr Damiano Costantini Bundesamt f\u00fcr Sozialversicherungen (BSV) &#8211;<\/p>\n","protected":false},"author":3,"featured_media":0,"parent":0,"menu_order":2,"comment_status":"closed","ping_status":"closed","template":"","meta":{"slim_seo":{"title":"Partner - CovidGeneration","description":"Partner des Projekts Pro Juventute - Frau Lulzana Musliu-Shahin (Leiterin Politik und Medien) Pro Familia - Frau Eva-Maria Kaufmann \u00a0 (Direktorin) Politischer B"},"footnotes":""},"class_list":["post-313","page","type-page","status-publish","hentry"],"_links":{"self":[{"href":"https:\/\/covidgeneration.ch\/index.php\/wp-json\/wp\/v2\/pages\/313","targetHints":{"allow":["GET"]}}],"collection":[{"href":"https:\/\/covidgeneration.ch\/index.php\/wp-json\/wp\/v2\/pages"}],"about":[{"href":"https:\/\/covidgeneration.ch\/index.php\/wp-json\/wp\/v2\/types\/page"}],"author":[{"embeddable":true,"href":"https:\/\/covidgeneration.ch\/index.php\/wp-json\/wp\/v2\/users\/3"}],"replies":[{"embeddable":true,"href":"https:\/\/covidgeneration.ch\/index.php\/wp-json\/wp\/v2\/comments?post=313"}],"version-history":[{"count":8,"href":"https:\/\/covidgeneration.ch\/index.php\/wp-json\/wp\/v2\/pages\/313\/revisions"}],"predecessor-version":[{"id":1389,"href":"https:\/\/covidgeneration.ch\/index.php\/wp-json\/wp\/v2\/pages\/313\/revisions\/1389"}],"wp:attachment":[{"href":"https:\/\/covidgeneration.ch\/index.php\/wp-json\/wp\/v2\/media?parent=313"}],"curies":[{"name":"wp","href":"https:\/\/api.w.org\/{rel}","templated":true}]}}